{"id":1759,"date":"2017-03-01T18:00:05","date_gmt":"2017-03-01T18:00:05","guid":{"rendered":"http:\/\/apartamentspetxina.cat\/wp\/?page_id=1759"},"modified":"2024-07-18T12:30:58","modified_gmt":"2024-07-18T11:30:58","slug":"by-car","status":"publish","type":"page","link":"https:\/\/apartamentspetxina.cat\/wp\/?page_id=1759","title":{"rendered":"Visit By car"},"content":{"rendered":"<p><em>Dear guests,<\/em><\/p>\n<p>Parking in Lloret de Mar can be a nightmare&#8230; Difficult to park and expensive&#8230; <a href=\"https:\/\/apartamentspetxina.cat\/wp\/wp-content\/uploads\/2024\/07\/parking_doc.pdf\">Here follows a short guide (2024): Link<\/a><\/p>\n<p><em>However the car offers the possibility to reach some beautiful places you can reach in the day by car:<\/em><\/p>\n<p><strong><span style=\"line-height: 1.5;\">Rutes amb cotxe (1 dia ) \/ <span style=\"color: #0000ff;\">By car<\/span><\/span><\/strong><\/p>\n<p><span style=\"color: #ff00ff;\">Ciutats \/Cities<\/span><\/p>\n<ul>\n<li>Visitar Barcelona (60 Km)<\/li>\n<li>Visitar Girona \u00a0(30 Km): El Call \u00a0Jueu<\/li>\n<li>Visitar Tossa ( (12 Km): La Vila Vella<\/li>\n<\/ul>\n<p><span style=\"color: #800000;\">Rutes d&#8217;Art i arquitectura<\/span><\/p>\n<ul>\n<li>Ruta a l&#8217;\u00e8poca grega: Visita a Empuries, l&#8217;Escala i Sant Mart\u00ed d&#8217;Emp\u00faries<\/li>\n<li>Ruta pobles medievals: Madremanya -Monells -La Bisbal &#8211; Peratallada<\/li>\n<li>Ruta del rom\u00e0nic i Museu Dal\u00ed : Besal\u00fa, Beuda, Mai\u00e0 de Montcal, Figueres (museu Dal\u00ed)<\/li>\n<\/ul>\n<p><span style=\"color: #008000;\">Parcs Naturals \/ Natural Parks<\/span><\/p>\n<ul>\n<li>El Parc Natural del Montseny (20 Km)<\/li>\n<li>Ruta d&#8217;aig\u00fces termals: Balnerari de Caldes de Malavella i Santa Coloma de Farners<\/li>\n<li>Ruta dels volcans \u00a0a Castellfollit de la Roca i Olot<\/li>\n<\/ul>\n<p>\u00a0<\/p>\n<p>Parking info (2024):<\/p>\n\n\n<div data-wp-interactive=\"core\/file\" class=\"wp-block-file\"><object data-wp-bind--hidden=\"!state.hasPdfPreview\" hidden class=\"wp-block-file__embed\" data=\"https:\/\/apartamentspetxina.cat\/wp\/wp-content\/uploads\/2024\/07\/parking_doc-1.pdf\" type=\"application\/pdf\" style=\"width:100%;height:600px\" aria-label=\"Embed of parking_doc-1.\"><\/object><a id=\"wp-block-file--media-1af220b7-a0ef-479b-8357-97f4a4958855\" href=\"https:\/\/apartamentspetxina.cat\/wp\/wp-content\/uploads\/2024\/07\/parking_doc-1.pdf\">parking_doc-1<\/a><a href=\"https:\/\/apartamentspetxina.cat\/wp\/wp-content\/uploads\/2024\/07\/parking_doc-1.pdf\" class=\"wp-block-file__button wp-element-button\" download aria-describedby=\"wp-block-file--media-1af220b7-a0ef-479b-8357-97f4a4958855\">Download<\/a><\/div>\n","protected":false},"excerpt":{"rendered":"<p>Dear guests, Parking in Lloret de Mar can be a nightmare&#8230; Difficult to park and expensive&#8230; Here follows a short guide (2024): Link However the car offers the possibility to reach some beautiful places you can reach in the day by car: Rutes amb cotxe (1 dia ) \/ By car Ciutats \/Cities Visitar Barcelona &hellip; <a href=\"https:\/\/apartamentspetxina.cat\/wp\/?page_id=1759\" class=\"more-link\">Continue reading <span class=\"screen-reader-text\">Visit By car<\/span> <span class=\"meta-nav\">&rarr;<\/span><\/a><\/p>\n","protected":false},"author":1,"featured_media":0,"parent":0,"menu_order":0,"comment_status":"closed","ping_status":"closed","template":"","meta":{"footnotes":""},"class_list":["post-1759","page","type-page","status-publish","hentry"],"_links":{"self":[{"href":"https:\/\/apartamentspetxina.cat\/wp\/index.php?rest_route=\/wp\/v2\/pages\/1759","targetHints":{"allow":["GET"]}}],"collection":[{"href":"https:\/\/apartamentspetxina.cat\/wp\/index.php?rest_route=\/wp\/v2\/pages"}],"about":[{"href":"https:\/\/apartamentspetxina.cat\/wp\/index.php?rest_route=\/wp\/v2\/types\/page"}],"author":[{"embeddable":true,"href":"https:\/\/apartamentspetxina.cat\/wp\/index.php?rest_route=\/wp\/v2\/users\/1"}],"replies":[{"embeddable":true,"href":"https:\/\/apartamentspetxina.cat\/wp\/index.php?rest_route=%2Fwp%2Fv2%2Fcomments&post=1759"}],"version-history":[{"count":11,"href":"https:\/\/apartamentspetxina.cat\/wp\/index.php?rest_route=\/wp\/v2\/pages\/1759\/revisions"}],"predecessor-version":[{"id":1906,"href":"https:\/\/apartamentspetxina.cat\/wp\/index.php?rest_route=\/wp\/v2\/pages\/1759\/revisions\/1906"}],"wp:attachment":[{"href":"https:\/\/apartamentspetxina.cat\/wp\/index.php?rest_route=%2Fwp%2Fv2%2Fmedia&parent=1759"}],"curies":[{"name":"wp","href":"https:\/\/api.w.org\/{rel}","templated":true}]}}