{"id":20,"date":"2016-04-02T13:54:05","date_gmt":"2016-04-02T13:54:05","guid":{"rendered":"http:\/\/www.apartementspetxinalloret.com.mialias.net\/?page_id=7"},"modified":"2025-07-06T12:29:17","modified_gmt":"2025-07-06T11:29:17","slug":"benvinguda","status":"publish","type":"page","link":"https:\/\/apartamentspetxina.cat\/wp\/","title":{"rendered":"ANTIGA CASA FAMILIAR \u00b7 Our ancient house"},"content":{"rendered":"<p style=\"text-align: justify;\"><strong><span style=\"color: #003366;\">Situada \u00a0en el\u00a0centre de la vila,\u00a0en el barri \u00a0antic de Lloret de Mar -Costa Brava.\u00a0<\/span><\/strong><em><span style=\"color: #0000ff;\">Situated in the centre of the ville, in the ancient neighbourhood of \u00a0Lloret de\u00a0Mar- Costa Brava<strong>.<\/strong><\/span><\/em><\/p>\n<p style=\"text-align: justify;\"><strong><span style=\"color: #003366;\">L&#8217;hem transformada en \u00a0apartaments de vacances.\u00a0<\/span><\/strong><em><span style=\"color: #0000ff;\">We have refited it into apartments for\u00a0holidays.<\/span><\/em><\/p>\n<p style=\"text-align: justify;\"><strong><span style=\"color: #003366;\">S\u00f3n \u00a0apartaments amplis, completament moblats i equipats.\u00a0<\/span><\/strong><em><span style=\"color: #0000ff;\">The apartements are wide, entirely furnished and instrumented.<\/span><\/em><\/p>\n<p style=\"text-align: justify;\"><span style=\"color: #003366;\"><strong>Dos d&#8217;ells disposen de generoses terrasses<\/strong>.\u00a0<span style=\"color: #008080;\"><em><span style=\"color: #0000ff;\">Two of them have \u00a0generous terraces<\/span><\/em>. <\/span><\/span><\/p>\n<p style=\"text-align: justify;\"><span style=\"color: #003366;\"><strong>\u00c9s un lloc ideal \u00a0per a vacances amb fam\u00edlia<\/strong>.<\/span><span style=\"color: #003366;\"><em><span style=\"color: #0000ff;\">\u00a0<\/span><\/em><span style=\"color: #008080;\"><em><span style=\"color: #0000ff;\">It is an ideal place for holidays with family<\/span><\/em>.<\/span><\/span><\/p>\n<p style=\"text-align: justify;\"><span style=\"color: #003366;\">Apartaments familiars:\u00a0<\/span><span style=\"color: #003366;\">Estades curtes de vacances (a partir d&#8217;una setmana)<\/span><\/p>\n<p style=\"text-align: center;\"><span style=\"color: #333399;\"><strong>\u00a0<\/strong><\/span><span style=\"color: #333399;\"><strong>E-mail: <span style=\"text-decoration: underline;\">info@apartamentspetxina.cat<\/span><\/strong><\/span><\/p>\n<p><strong>Reserva\/Bokking: AIrB&amp;B<\/strong>:<\/p>\n<ul>\n<li><a href=\"http:\/\/airbnb.cat\/h\/aptpetxinad\">DUPLEX: airbnb.cat\/h\/aptpetxinad<\/a><\/li>\n<li><a href=\"http:\/\/airbnb.cat\/h\/aptpetxinab\">BAIX: airbnb.cat\/h\/aptpetxinab<\/a><\/li>\n<li><a href=\"http:\/\/airbnb.cat\/h\/aptpetxina1\">PRIMER PIS: airbnb.cat\/h\/aptpetxina1<\/a><\/li>\n<li><a href=\"http:\/\/airbnb.cat\/h\/aptpetxina2\">SEGON PIS (terrassa): airbnb.cat\/h\/aptpetxina2<\/a><\/li>\n<li><a href=\"http:\/\/airbnb.cat\/h\/aptpetxina3\">TERCER PIS: airbnb.cat\/h\/aptpetxina3<\/a><\/li>\n<\/ul>\n<p style=\"text-align: justify;\"><strong><span style=\"color: #003366;\"><span class=\"style2\">Idioma: Us podem atendre en<\/span><span class=\"style5\"> catal\u00e0, castell\u00e0, angl\u00e8s, franc\u00e8s i itali\u00e0.<\/span><\/span><\/strong><span style=\"color: #003366;\"><span class=\"style5\"><em><span style=\"color: #333399;\">\u00a0<\/span><\/em><\/span><\/span><span style=\"color: #0000ff;\"><em><span class=\"style5\">Language: We speak\u00a0Catalan, Spanish, English, French or\u00a0Italian.<\/span><\/em><\/span><\/p>\n<p style=\"text-align: justify;\"><strong><span style=\"color: #003366;\"><img loading=\"lazy\" decoding=\"async\" class=\"wp-image-1670 aligncenter\" src=\"https:\/\/apartamentspetxina.cat\/wp\/wp-content\/uploads\/2016\/04\/00-carrer02a-e1710587261260.jpg\" alt=\"\" width=\"332\" height=\"558\" srcset=\"https:\/\/apartamentspetxina.cat\/wp\/wp-content\/uploads\/2016\/04\/00-carrer02a-e1710587261260.jpg 1827w, https:\/\/apartamentspetxina.cat\/wp\/wp-content\/uploads\/2016\/04\/00-carrer02a-e1710587261260-178x300.jpg 178w, https:\/\/apartamentspetxina.cat\/wp\/wp-content\/uploads\/2016\/04\/00-carrer02a-e1710587261260-768x1291.jpg 768w, https:\/\/apartamentspetxina.cat\/wp\/wp-content\/uploads\/2016\/04\/00-carrer02a-e1710587261260-609x1024.jpg 609w\" sizes=\"auto, (max-width: 332px) 100vw, 332px\" \/><\/span><\/strong><\/p>\n<h1><\/h1>\n","protected":false},"excerpt":{"rendered":"<p>Situada \u00a0en el\u00a0centre de la vila,\u00a0en el barri \u00a0antic de Lloret de Mar -Costa Brava.\u00a0Situated in the centre of the ville, in the ancient neighbourhood of \u00a0Lloret de\u00a0Mar- Costa Brava. L&#8217;hem transformada en \u00a0apartaments de vacances.\u00a0We have refited it into apartments for\u00a0holidays. S\u00f3n \u00a0apartaments amplis, completament moblats i equipats.\u00a0The apartements are wide, entirely furnished and &hellip; <a href=\"https:\/\/apartamentspetxina.cat\/wp\/\" class=\"more-link\">Continue reading <span class=\"screen-reader-text\">ANTIGA CASA FAMILIAR \u00b7 Our ancient house<\/span> <span class=\"meta-nav\">&rarr;<\/span><\/a><\/p>\n","protected":false},"author":2,"featured_media":1669,"parent":0,"menu_order":0,"comment_status":"closed","ping_status":"closed","template":"","meta":{"footnotes":""},"class_list":["post-20","page","type-page","status-publish","has-post-thumbnail","hentry"],"_links":{"self":[{"href":"https:\/\/apartamentspetxina.cat\/wp\/index.php?rest_route=\/wp\/v2\/pages\/20","targetHints":{"allow":["GET"]}}],"collection":[{"href":"https:\/\/apartamentspetxina.cat\/wp\/index.php?rest_route=\/wp\/v2\/pages"}],"about":[{"href":"https:\/\/apartamentspetxina.cat\/wp\/index.php?rest_route=\/wp\/v2\/types\/page"}],"author":[{"embeddable":true,"href":"https:\/\/apartamentspetxina.cat\/wp\/index.php?rest_route=\/wp\/v2\/users\/2"}],"replies":[{"embeddable":true,"href":"https:\/\/apartamentspetxina.cat\/wp\/index.php?rest_route=%2Fwp%2Fv2%2Fcomments&post=20"}],"version-history":[{"count":36,"href":"https:\/\/apartamentspetxina.cat\/wp\/index.php?rest_route=\/wp\/v2\/pages\/20\/revisions"}],"predecessor-version":[{"id":1914,"href":"https:\/\/apartamentspetxina.cat\/wp\/index.php?rest_route=\/wp\/v2\/pages\/20\/revisions\/1914"}],"wp:featuredmedia":[{"embeddable":true,"href":"https:\/\/apartamentspetxina.cat\/wp\/index.php?rest_route=\/wp\/v2\/media\/1669"}],"wp:attachment":[{"href":"https:\/\/apartamentspetxina.cat\/wp\/index.php?rest_route=%2Fwp%2Fv2%2Fmedia&parent=20"}],"curies":[{"name":"wp","href":"https:\/\/api.w.org\/{rel}","templated":true}]}}